{"id":2442,"date":"2017-02-20T17:23:27","date_gmt":"2017-02-20T16:23:27","guid":{"rendered":"http:\/\/sveguide.elfordig.se\/find-a-guide\/stand-alone-member\/"},"modified":"2020-06-30T14:28:40","modified_gmt":"2020-06-30T12:28:40","slug":"stand-alone-member","status":"publish","type":"page","link":"https:\/\/sveguide.se\/en\/find-a-guide\/stand-alone-member\/","title":{"rendered":"Individual members"},"content":{"rendered":"<div class=\"wpb-content-wrapper\">[vc_row][vc_column][vc_column_text]\n<h2>Find a guide &#8211; individual members<\/h2>\n[\/vc_column_text][\/vc_column][\/vc_row][vc_row][vc_column width=&#8221;1\/4&#8243;][vc_column_text]\n<h3>South of Sweden<\/h3>\n<p><strong>Blekinge<\/strong><br \/>\n<a href=\"\/?page_id=793\">Katarina Zetterfalk<\/a><\/p>\n<p><strong>Halland<\/strong><br \/>\n<a href=\"\/?page_id=2182\">Marie Gustafsson<\/a><\/p>\n<p><strong>Bohusl\u00e4n<\/strong><br \/>\n<a href=\"\/hitta-guide\/enskild-medlem\/anette-andersson-auktoriserad-turistguide-i-skyddade-naturomraden-svinesund\/\">Anette Andersson<\/a><br \/>\n<a href=\"\/hitta-guide\/enskild-medlem\/anna-boel-andersen-auktoriserad-turistguide-i-skyddade-naturomraden-svinesund\/\">Anna-Boel Andersen<\/a><br \/>\n<a href=\"\/hitta-guide\/enskild-medlem\/anne-helen-eide-kongtorp-auktoriserad-turistguide-i-skyddade-naturomraden-svinesund\/\">Anne Helen Eide Kongtorp<\/a><br \/>\n<a href=\"\/hitta-guide\/enskild-medlem\/belinda-abbott-auktoriserad-turistguide-i-skyddade-naturomraden-svinesund\/\">Belinda Abbott<\/a><br \/>\n<a href=\"\/hitta-guide\/enskild-medlem\/douglas-lipkin-auktoriserad-turistguide-i-skyddade-naturomraden-svinesund\/\">Douglas Lipkin<\/a><br \/>\n<a href=\"\/hitta-guide\/enskild-medlem\/janne-waldas-auktoriserad-turistguide-i-skyddade-naturomraden-svinesund\/\">Janne Wald\u00e5s<\/a><br \/>\n<a href=\"\/hitta-guide\/enskild-medlem\/marlene-mathisen-auktoriserad-turistguide-i-skyddade-naturomraden-svinesund\/\">Marlene Mathisen<\/a><br \/>\n<a href=\"\/hitta-guide\/enskild-medlem\/stefan-von-bothmer-auktoriserad-turistguide-i-skyddade-naturomraden-svinesund\/\">Stefan von Bothmer<\/a><br \/>\n<a href=\"http:\/\/sveguide.se\/hitta-guide\/enskild-medlem\/ninni-c-christiansen-auktoriserad-turistguide-i-skyddade-naturomraden-svinesund\/\">Ninni C Christiansen<\/a><br \/>\nUlf Hansson<br \/>\n<a href=\"http:\/\/sveguide.se\/hitta-guide\/enskild-medlem\/regine-hansen-auktoriserad-turistguide-i-skyddade-naturomraden-svinesund\/\">Regine Hansen<\/a><br \/>\n<a href=\"http:\/\/sveguide.se\/hitta-guide\/enskild-medlem\/pia-lund-auktoriserad-turistguide-i-skyddade-naturomraden-svinesund\/\">Pia Lund<\/a><br \/>\n<a href=\"http:\/\/sveguide.se\/hitta-guide\/enskild-medlem\/ragnhild-loberg-stordahl-auktoriserad-turistguide-i-skyddade-naturomraden-svinesund\/\">Ragnhild L\u00f6berg Stordahl<\/a><br \/>\n<a href=\"http:\/\/sveguide.se\/hitta-guide\/enskild-medlem\/lars-nejstgaard-auktoriserad-turistguide-i-skyddade-naturomraden-svinesund\/\">Lars Nejstgaard<\/a><br \/>\n<a href=\"http:\/\/sveguide.se\/hitta-guide\/enskild-medlem\/anders-olsson-auktoriserad-turistguide-i-skyddade-naturomraden-svinesund\/\">Anders Olsson<\/a><br \/>\n<a href=\"http:\/\/sveguide.se\/hitta-guide\/enskild-medlem\/anja-sonerud-auktoriserad-turistguide-i-skyddade-naturomraden-svinesund\/\">Anja Sonerud<\/a><br \/>\nButeegch Wngcheng<br \/>\nBirgitta Johansson<br \/>\n<a href=\"http:\/\/sveguide.se\/hitta-guide\/enskild-medlem\/jonas-nilsson-auktoriserad-turistguide-i-skyddade-naturomraden-svinesund\/\">Jonas Nilsson<\/a><\/p>\n<p><strong>Gothenburg<\/strong><br \/>\n<a href=\"\/?page_id=2185\">Eleonor Jacobsson<\/a><\/p>\n<p><strong>V\u00e4sterg\u00f6tland<\/strong><br \/>\n<a href=\"\/hitta-guide\/enskild-medlem\/eleonor-jacobsson-auktoriserad-turistguide-goteborg\/\">Eleonor Jacobson<\/a><br \/>\n<a href=\"\/hitta-guide\/enskild-medlem\/michelle-winkel-auktoriserad-turistguide-vastergotland\/\">Michelle Winkel<\/a><br \/>\n<a href=\"\/hitta-guide\/enskild-medlem\/gun-britt-bohman-auktoriserad-turistguide-vastergotland\/\">Gun-Britt Bohman<\/a><br \/>\n<a href=\"http:\/\/sveguide.se\/hitta-guide\/enskild-medlem\/gun-olsson-auktoriserad-turistguide-i-vastergotland\/\">Gun Olsson<\/a>[\/vc_column_text][\/vc_column][vc_column width=&#8221;1\/4&#8243;][vc_column_text]\n<h3>Central Sweden<\/h3>\n<p><strong>\u00d6sterg\u00f6tland<\/strong><br \/>\n<a href=\"\/?page_id=2193\">Karin Byfalk<\/a><br \/>\n<a href=\"http:\/\/sveguide.se\/hitta-guide\/enskild-medlem\/anna-enefors-auktoriserad-turistguide-i-vadstena\/\">Anna Enefors<\/a><br \/>\n<a href=\"http:\/\/sveguide.se\/hitta-guide\/enskild-medlem\/kerstin-bergengren-auktoriserad-turistguide-i-vadstena-och-skanninge\/\">Kerstin Bergengren<\/a><\/p>\n<p><strong>Stockholm<\/strong><\/p>\n<p><a href=\"http:\/\/sveguide.se\/hitta-guide\/enskild-medlem\/birgitta-bergstromer-auktoriserad-turistguide-i-stockholm-med-omnejd\/\">Birgitta Bergstr\u00f6mer<\/a><br \/>\n<a href=\"http:\/\/sveguide.se\/hitta-guide\/enskild-medlem\/martin-marcin-brozek-auktoriserad-turistguide-i-stockholm-med-omnejd\/\">Martin Brozek<\/a><br \/>\n<a href=\"http:\/\/sveguide.se\/hitta-guide\/enskild-medlem\/pia-dahlberg-auktoriserad-turistguide-i-stockholm-med-omnejd\/\">Pia Dahlberg<\/a><br \/>\n<a href=\"http:\/\/sveguide.se\/hitta-guide\/enskild-medlem\/cecilia-forselius-auktoriserad-turistguide-i-stockholm-med-omnejd\/\">Cecilia Forselius<\/a><br \/>\n<a href=\"http:\/\/sveguide.se\/hitta-guide\/enskild-medlem\/hillevi-kindt-auktoriserad-turistguide-i-stockholm-med-omnejd\/\">Hillevi Kindt<\/a><br \/>\n<a href=\"http:\/\/sveguide.se\/hitta-guide\/enskild-medlem\/caroline-knutsson-hall-auktoriserad-turistguide-i-stockholm-med-omnejd\/\">Caroline Knutsson-Hall<\/a><br \/>\n<a href=\"http:\/\/sveguide.se\/hitta-guide\/enskild-medlem\/alexandra-loow-auktoriserad-turistguide-i-stockholm-med-omnejd\/\">Alexandra L\u00f6\u00f6w<\/a><br \/>\n<a href=\"http:\/\/sveguide.se\/hitta-guide\/enskild-medlem\/jessica-martyn-auktoriserad-turistguide-i-stockholm-med-omnejd\/\">Jessica Martyn<\/a><br \/>\n<a href=\"http:\/\/sveguide.se\/hitta-guide\/enskild-medlem\/gun-miladi-auktoriserad-turistguide-i-stockholm-med-omnejd\/\">Gun Miladi<\/a><br \/>\n<a href=\"http:\/\/sveguide.se\/hitta-guide\/enskild-medlem\/pia-sandstedt-auktoriserad-turistguide-i-stockholm-med-omnejd\/\">Pia Sandstedt<\/a><br \/>\n<a href=\"http:\/\/sveguide.se\/hitta-guide\/enskild-medlem\/gunilla-astrom-jansson-auktoriserad-turistguide-stockholm\/\">Gunilla \u00c5str\u00f6m Jansson<\/a><br \/>\n<a href=\"http:\/\/sveguide.se\/tiiu-valmet-auktoriserad-turistguide-i-stockholm-med-omnejd\/\">Tiiu Valmet<\/a><br \/>\n<a href=\"http:\/\/sveguide.se\/asa-ovrelid-auktoriserad-turistguide-i-stockholm-med-omnejd\/\">\u00c5sa \u00d6vrelid<\/a><\/p>\n<p><strong>Uppland<\/strong><br \/>\n<a href=\"\/hitta-guide\/enskild-medlem\/jonathan-olsson-auktoriserad-turistguide-uppsala\/\">Jonathan Olsson<\/a><\/p>\n<p><strong>V\u00e4rmland<\/strong><br \/>\n<a href=\"\/hitta-guide\/enskild-medlem\/christina-oster-auktoriserad-turistguide-fredsriket-morokulien\/\">Christina \u00d6ster<\/a><\/p>\n<p><strong>Sm\u00e5land<\/strong><br \/>\n<a href=\"http:\/\/sveguide.se\/hitta-guide\/enskild-medlem\/bodil-swensson-auktoriserad-turistguide-i-jonkopings-lans-sydvastra-kommuner-varnamo-vaggeryd-gnosjo-gislaved\/\">Bodil Swensson<\/a>[\/vc_column_text][\/vc_column][vc_column width=&#8221;1\/4&#8243;][vc_column_text]\n<h3><strong>Gotland<\/strong><\/h3>\n<p><a href=\"http:\/\/sveguide.se\/hitta-guide\/enskild-medlem\/roland-almquist-auktoriserad-turistguide-pa-gotland\/\">Roland Almquist<\/a><br \/>\nLena Axedin<br \/>\n<a href=\"http:\/\/sveguide.se\/lars-ake-beckman-auktoriserad-turistguide-pa-gotland\/\">Lars-\u00c5ke Beckman<\/a><br \/>\n<a href=\"http:\/\/sveguide.se\/hitta-guide\/enskild-medlem\/lena-bell-auktoriserad-turistguide-pa-gotland\/\">Lena Bell<\/a><br \/>\n<a href=\"http:\/\/sveguide.se\/hitta-guide\/enskild-medlem\/susanne-bergstrom-auktoriserad-turistguide-pa-gotland\/\">Susanne Bergstr\u00f6m<\/a><br \/>\n<a href=\"http:\/\/sveguide.se\/hitta-guide\/enskild-medlem\/tomas-carlsson-auktoriserad-turistguide-pa-gotland\/\">Tomas Carlsson<\/a><br \/>\n<a href=\"http:\/\/sveguide.se\/hitta-guide\/enskild-medlem\/anna-ericsson-auktoriserad-turistguide-pa-gotland\/\">Anna Ericsson<\/a><br \/>\n<a href=\"http:\/\/sveguide.se\/hitta-guide\/enskild-medlem\/magnus-fahlen-auktoriserad-turistguide-pa-gotland\/\">Magnus Fahl\u00e9n<\/a><br \/>\n<a href=\"http:\/\/sveguide.se\/kristina-gellerstedt-auktoriserad-turistguide-pa-gotland\/\">Kristina Gellerstedt<\/a><br \/>\n<a href=\"http:\/\/sveguide.se\/hitta-guide\/enskild-medlem\/kathleen-gow-sjoblom-auktoriserad-turistguide-pa-gotland\/\">Kathleen Gow Sj\u00f6blom<\/a><br \/>\n<a href=\"http:\/\/sveguide.se\/elisabeth-grapenmark-molin-auktoriserad-turistguide-pa-gotland\/\">Elisabeth Grapenmark Molin<\/a><br \/>\n<a href=\"http:\/\/sveguide.se\/hitta-guide\/enskild-medlem\/consuelo-griggio-auktoriserad-turistguide-pa-gotland\/\">Consuelo Griggio<\/a><br \/>\n<a href=\"http:\/\/sveguide.se\/hitta-guide\/enskild-medlem\/barbro-gron-saflund-auktoriserad-turistguide-pa-gotland\/\">Barbro Gr\u00f6n S\u00e4flund<\/a><br \/>\n<a href=\"http:\/\/sveguide.se\/hitta-guide\/enskild-medlem\/erik-guldstrom-auktoriserad-turistguide-pa-gotland\/\">Erik Guldstr\u00f6m<\/a><br \/>\nJeremy Hardy<br \/>\n<a href=\"http:\/\/sveguide.se\/robert-von-krusenstierna-auktoriserad-turistguide-pa-gotland\/\">Robert von Krusenstierna<\/a><br \/>\n<a href=\"http:\/\/sveguide.se\/hitta-guide\/enskild-medlem\/lars-kruthof-auktoriserad-turistguide-pa-gotland\/\">Lars Kruthof<\/a><br \/>\n<a href=\"http:\/\/sveguide.se\/hampus-larsson-auktoriserad-turistguide-pa-gotland\/\">Hampus Larsson<\/a><br \/>\n<a href=\"http:\/\/sveguide.se\/hitta-guide\/enskild-medlem\/gunnel-lindby-auktoriserad-turistguide-pa-gotland\/\">Gunnel Lindby<\/a><br \/>\n<a href=\"http:\/\/sveguide.se\/bengt-lingstrom-auktoriserad-turistguide-pa-gotland\/\">Bengt Lingstr\u00f6m<\/a><br \/>\nSophie Malmros<br \/>\n<a href=\"http:\/\/sveguide.se\/hitta-guide\/enskild-medlem\/bertil-marcusson-auktoriserad-turistguide-pa-gotland\/\">Bertil Marcusson<\/a><br \/>\n<a href=\"http:\/\/sveguide.se\/hitta-guide\/enskild-medlem\/riina-noodapera-auktoriserad-turistguide-pa-gotland\/\">Riina Noodapera<\/a><br \/>\n<a href=\"http:\/\/sveguide.se\/hitta-guide\/enskild-medlem\/claes-nysell-auktoriserad-turistguide-pa-gotland\/\">Claes Nysell<\/a><br \/>\n<a href=\"http:\/\/sveguide.se\/hitta-guide\/enskild-medlem\/lucinda-rydqvist-auktoriserad-turistguide-pa-gotland\/\">Lucinda Rydqvist<\/a><br \/>\nMalin Steng\u00e5rd<br \/>\n<a href=\"http:\/\/sveguide.se\/hitta-guide\/enskild-medlem\/hannah-storm-auktoriserad-turistguide-pa-gotland\/\">Hannah Storm<\/a><br \/>\n<a href=\"http:\/\/sveguide.se\/hitta-guide\/enskild-medlem\/orjan-hillbom\/\">\u00d6rjan Hillbom<\/a><br \/>\n<a href=\"http:\/\/sveguide.se\/jenny-franzen-auktoriserad-turistguide-pa-gotland\/\">Jenny Franz\u00e8n<\/a>[\/vc_column_text][\/vc_column][vc_column width=&#8221;1\/4&#8243;][vc_column_text]\n<h3>North of\u00a0Sweden<\/h3>\n<p><strong>\u00c5ngermanland<\/strong><br \/>\n<a href=\"http:\/\/sveguide.se\/hitta-guide\/enskild-medlem\/per-mathis-nyberg-auktoriserad-turistguide-i-hoga-kusten\/\">Per-Mathis Nyberg<\/a><br \/>\n<a href=\"http:\/\/sveguide.se\/hitta-guide\/enskild-medlem\/lage-dahlquist-auktoriserad-turistguide-i-hoga-kusten\/\">Lage Dahlquist<\/a><\/p>\n<p><strong>J\u00e4mtland<\/strong><br \/>\n<a href=\"http:\/\/sveguide.se\/hitta-guide\/enskild-medlem\/gunilla-nilsson-edler-auktoriserad-turistguide-jamtland\/\">Gunilla Nilsson Edler<\/a>[\/vc_column_text][\/vc_column][\/vc_row][vc_row][vc_column][vc_empty_space][\/vc_column][\/vc_row]\n<\/div>","protected":false},"excerpt":{"rendered":"<p>[vc_row][vc_column][vc_column_text] Find a guide &#8211; individual members [\/vc_column_text][\/vc_column][\/vc_row][vc_row][vc_column width=&#8221;1\/4&#8243;][vc_column_text] South of Sweden Blekinge Katarina Zetterfalk Halland Marie Gustafsson Bohusl\u00e4n Anette Andersson Anna-Boel Andersen Anne Helen Eide Kongtorp Belinda Abbott Douglas Lipkin Janne Wald\u00e5s Marlene Mathisen Stefan von Bothmer Ninni C Christiansen Ulf Hansson Regine Hansen Pia Lund Ragnhild L\u00f6berg Stordahl Lars Nejstgaard Anders Olsson Anja&hellip;<\/p>\n","protected":false},"author":1,"featured_media":0,"parent":2314,"menu_order":0,"comment_status":"closed","ping_status":"closed","template":"templates\/no-sidebar.php","meta":{"footnotes":""},"class_list":["post-2442","page","type-page","status-publish","hentry","entry","no-media"],"yoast_head":"<!-- This site is optimized with the Yoast SEO plugin v24.6 - https:\/\/yoast.com\/wordpress\/plugins\/seo\/ -->\n<title>Individual members | Sveriges Guidef\u00f6rbund<\/title>\n<meta name=\"robots\" content=\"index, follow, max-snippet:-1, max-image-preview:large, max-video-preview:-1\" \/>\n<link rel=\"canonical\" href=\"https:\/\/sveguide.se\/hitta-guide\/enskild-medlem\/\" \/>\n<meta property=\"og:locale\" content=\"en_GB\" \/>\n<meta property=\"og:type\" content=\"article\" \/>\n<meta property=\"og:title\" content=\"Individual members | Sveriges Guidef\u00f6rbund\" \/>\n<meta property=\"og:description\" content=\"[vc_row][vc_column][vc_column_text] Find a guide &#8211; individual members [\/vc_column_text][\/vc_column][\/vc_row][vc_row][vc_column width=&#8221;1\/4&#8243;][vc_column_text] South of Sweden Blekinge Katarina Zetterfalk Halland Marie Gustafsson Bohusl\u00e4n Anette Andersson Anna-Boel Andersen Anne Helen Eide Kongtorp Belinda Abbott Douglas Lipkin Janne Wald\u00e5s Marlene Mathisen Stefan von Bothmer Ninni C Christiansen Ulf Hansson Regine Hansen Pia Lund Ragnhild L\u00f6berg Stordahl Lars Nejstgaard Anders Olsson Anja&hellip;\" \/>\n<meta property=\"og:url\" content=\"https:\/\/sveguide.se\/hitta-guide\/enskild-medlem\/\" \/>\n<meta property=\"og:site_name\" content=\"Sveriges Guidef\u00f6rbund\" \/>\n<meta property=\"article:publisher\" content=\"https:\/\/www.facebook.com\/sverigesguideforbund\" \/>\n<meta property=\"article:modified_time\" content=\"2020-06-30T12:28:40+00:00\" \/>\n<meta name=\"twitter:card\" content=\"summary_large_image\" \/>\n<meta name=\"twitter:label1\" content=\"Est. reading time\" \/>\n\t<meta name=\"twitter:data1\" content=\"1 minute\" \/>\n<script type=\"application\/ld+json\" class=\"yoast-schema-graph\">{\"@context\":\"https:\/\/schema.org\",\"@graph\":[{\"@type\":\"WebPage\",\"@id\":\"https:\/\/sveguide.se\/hitta-guide\/enskild-medlem\/\",\"url\":\"https:\/\/sveguide.se\/hitta-guide\/enskild-medlem\/\",\"name\":\"Individual members | Sveriges Guidef\u00f6rbund\",\"isPartOf\":{\"@id\":\"https:\/\/sveguide.se\/#website\"},\"datePublished\":\"2017-02-20T16:23:27+00:00\",\"dateModified\":\"2020-06-30T12:28:40+00:00\",\"breadcrumb\":{\"@id\":\"https:\/\/sveguide.se\/hitta-guide\/enskild-medlem\/#breadcrumb\"},\"inLanguage\":\"en-GB\",\"potentialAction\":[{\"@type\":\"ReadAction\",\"target\":[\"https:\/\/sveguide.se\/hitta-guide\/enskild-medlem\/\"]}]},{\"@type\":\"BreadcrumbList\",\"@id\":\"https:\/\/sveguide.se\/hitta-guide\/enskild-medlem\/#breadcrumb\",\"itemListElement\":[{\"@type\":\"ListItem\",\"position\":1,\"name\":\"Hem\",\"item\":\"https:\/\/sveguide.se\/en\/\"},{\"@type\":\"ListItem\",\"position\":2,\"name\":\"Find a guide\",\"item\":\"https:\/\/sveguide.se\/en\/find-a-guide\/\"},{\"@type\":\"ListItem\",\"position\":3,\"name\":\"Individual members\"}]},{\"@type\":\"WebSite\",\"@id\":\"https:\/\/sveguide.se\/#website\",\"url\":\"https:\/\/sveguide.se\/\",\"name\":\"Sveriges Guidef\u00f6rbund\",\"description\":\"Guider i Sverige  Guides of Sweden\",\"publisher\":{\"@id\":\"https:\/\/sveguide.se\/#organization\"},\"potentialAction\":[{\"@type\":\"SearchAction\",\"target\":{\"@type\":\"EntryPoint\",\"urlTemplate\":\"https:\/\/sveguide.se\/?s={search_term_string}\"},\"query-input\":{\"@type\":\"PropertyValueSpecification\",\"valueRequired\":true,\"valueName\":\"search_term_string\"}}],\"inLanguage\":\"en-GB\"},{\"@type\":\"Organization\",\"@id\":\"https:\/\/sveguide.se\/#organization\",\"name\":\"Sveriges Guidef\u00f6rbund\",\"url\":\"https:\/\/sveguide.se\/\",\"logo\":{\"@type\":\"ImageObject\",\"inLanguage\":\"en-GB\",\"@id\":\"https:\/\/sveguide.se\/#\/schema\/logo\/image\/\",\"url\":\"https:\/\/sveguide.se\/wp-content\/uploads\/SweGuide_RGB.png\",\"contentUrl\":\"https:\/\/sveguide.se\/wp-content\/uploads\/SweGuide_RGB.png\",\"width\":591,\"height\":591,\"caption\":\"Sveriges Guidef\u00f6rbund\"},\"image\":{\"@id\":\"https:\/\/sveguide.se\/#\/schema\/logo\/image\/\"},\"sameAs\":[\"https:\/\/www.facebook.com\/sverigesguideforbund\",\"https:\/\/www.instagram.com\/sverigesguideforbund\/\",\"https:\/\/www.youtube.com\/channel\/UCEBCMZZ7DPcrKINf7QIHI3g\"]}]}<\/script>\n<!-- \/ Yoast SEO plugin. -->","yoast_head_json":{"title":"Individual members | Sveriges Guidef\u00f6rbund","robots":{"index":"index","follow":"follow","max-snippet":"max-snippet:-1","max-image-preview":"max-image-preview:large","max-video-preview":"max-video-preview:-1"},"canonical":"https:\/\/sveguide.se\/hitta-guide\/enskild-medlem\/","og_locale":"en_GB","og_type":"article","og_title":"Individual members | Sveriges Guidef\u00f6rbund","og_description":"[vc_row][vc_column][vc_column_text] Find a guide &#8211; individual members [\/vc_column_text][\/vc_column][\/vc_row][vc_row][vc_column width=&#8221;1\/4&#8243;][vc_column_text] South of Sweden Blekinge Katarina Zetterfalk Halland Marie Gustafsson Bohusl\u00e4n Anette Andersson Anna-Boel Andersen Anne Helen Eide Kongtorp Belinda Abbott Douglas Lipkin Janne Wald\u00e5s Marlene Mathisen Stefan von Bothmer Ninni C Christiansen Ulf Hansson Regine Hansen Pia Lund Ragnhild L\u00f6berg Stordahl Lars Nejstgaard Anders Olsson Anja&hellip;","og_url":"https:\/\/sveguide.se\/hitta-guide\/enskild-medlem\/","og_site_name":"Sveriges Guidef\u00f6rbund","article_publisher":"https:\/\/www.facebook.com\/sverigesguideforbund","article_modified_time":"2020-06-30T12:28:40+00:00","twitter_card":"summary_large_image","twitter_misc":{"Est. reading time":"1 minute"},"schema":{"@context":"https:\/\/schema.org","@graph":[{"@type":"WebPage","@id":"https:\/\/sveguide.se\/hitta-guide\/enskild-medlem\/","url":"https:\/\/sveguide.se\/hitta-guide\/enskild-medlem\/","name":"Individual members | Sveriges Guidef\u00f6rbund","isPartOf":{"@id":"https:\/\/sveguide.se\/#website"},"datePublished":"2017-02-20T16:23:27+00:00","dateModified":"2020-06-30T12:28:40+00:00","breadcrumb":{"@id":"https:\/\/sveguide.se\/hitta-guide\/enskild-medlem\/#breadcrumb"},"inLanguage":"en-GB","potentialAction":[{"@type":"ReadAction","target":["https:\/\/sveguide.se\/hitta-guide\/enskild-medlem\/"]}]},{"@type":"BreadcrumbList","@id":"https:\/\/sveguide.se\/hitta-guide\/enskild-medlem\/#breadcrumb","itemListElement":[{"@type":"ListItem","position":1,"name":"Hem","item":"https:\/\/sveguide.se\/en\/"},{"@type":"ListItem","position":2,"name":"Find a guide","item":"https:\/\/sveguide.se\/en\/find-a-guide\/"},{"@type":"ListItem","position":3,"name":"Individual members"}]},{"@type":"WebSite","@id":"https:\/\/sveguide.se\/#website","url":"https:\/\/sveguide.se\/","name":"Sveriges Guidef\u00f6rbund","description":"Guider i Sverige  Guides of Sweden","publisher":{"@id":"https:\/\/sveguide.se\/#organization"},"potentialAction":[{"@type":"SearchAction","target":{"@type":"EntryPoint","urlTemplate":"https:\/\/sveguide.se\/?s={search_term_string}"},"query-input":{"@type":"PropertyValueSpecification","valueRequired":true,"valueName":"search_term_string"}}],"inLanguage":"en-GB"},{"@type":"Organization","@id":"https:\/\/sveguide.se\/#organization","name":"Sveriges Guidef\u00f6rbund","url":"https:\/\/sveguide.se\/","logo":{"@type":"ImageObject","inLanguage":"en-GB","@id":"https:\/\/sveguide.se\/#\/schema\/logo\/image\/","url":"https:\/\/sveguide.se\/wp-content\/uploads\/SweGuide_RGB.png","contentUrl":"https:\/\/sveguide.se\/wp-content\/uploads\/SweGuide_RGB.png","width":591,"height":591,"caption":"Sveriges Guidef\u00f6rbund"},"image":{"@id":"https:\/\/sveguide.se\/#\/schema\/logo\/image\/"},"sameAs":["https:\/\/www.facebook.com\/sverigesguideforbund","https:\/\/www.instagram.com\/sverigesguideforbund\/","https:\/\/www.youtube.com\/channel\/UCEBCMZZ7DPcrKINf7QIHI3g"]}]}},"_links":{"self":[{"href":"https:\/\/sveguide.se\/en\/wp-json\/wp\/v2\/pages\/2442","targetHints":{"allow":["GET"]}}],"collection":[{"href":"https:\/\/sveguide.se\/en\/wp-json\/wp\/v2\/pages"}],"about":[{"href":"https:\/\/sveguide.se\/en\/wp-json\/wp\/v2\/types\/page"}],"author":[{"embeddable":true,"href":"https:\/\/sveguide.se\/en\/wp-json\/wp\/v2\/users\/1"}],"replies":[{"embeddable":true,"href":"https:\/\/sveguide.se\/en\/wp-json\/wp\/v2\/comments?post=2442"}],"version-history":[{"count":14,"href":"https:\/\/sveguide.se\/en\/wp-json\/wp\/v2\/pages\/2442\/revisions"}],"predecessor-version":[{"id":4734,"href":"https:\/\/sveguide.se\/en\/wp-json\/wp\/v2\/pages\/2442\/revisions\/4734"}],"up":[{"embeddable":true,"href":"https:\/\/sveguide.se\/en\/wp-json\/wp\/v2\/pages\/2314"}],"wp:attachment":[{"href":"https:\/\/sveguide.se\/en\/wp-json\/wp\/v2\/media?parent=2442"}],"curies":[{"name":"wp","href":"https:\/\/api.w.org\/{rel}","templated":true}]}}